{"id":1316,"date":"2021-07-22T12:38:09","date_gmt":"2021-07-22T12:38:09","guid":{"rendered":"http:\/\/naiadmusic.com\/?page_id=1316"},"modified":"2024-07-22T15:00:28","modified_gmt":"2024-07-22T15:00:28","slug":"agenda","status":"publish","type":"page","link":"https:\/\/naiadmusic.com\/?page_id=1316","title":{"rendered":"Agenda"},"content":{"rendered":"\t\t<div data-elementor-type=\"wp-page\" data-elementor-id=\"1316\" class=\"elementor elementor-1316\">\n\t\t\t\t\t\t<section class=\"elementor-section elementor-top-section elementor-element elementor-element-8f9cd98 elementor-section-stretched elementor-section-boxed elementor-section-height-default elementor-section-height-default\" data-id=\"8f9cd98\" data-element_type=\"section\" data-e-type=\"section\" data-settings=\"{&quot;stretch_section&quot;:&quot;section-stretched&quot;}\">\n\t\t\t\t\t\t<div class=\"elementor-container elementor-column-gap-default\">\n\t\t\t\t\t<div class=\"elementor-column elementor-col-100 elementor-top-column elementor-element elementor-element-93b279e\" data-id=\"93b279e\" data-element_type=\"column\" data-e-type=\"column\">\n\t\t\t<div class=\"elementor-widget-wrap elementor-element-populated\">\n\t\t\t\t\t\t<div class=\"elementor-element elementor-element-8b6041a elementor-widget elementor-widget-heading\" data-id=\"8b6041a\" data-element_type=\"widget\" data-e-type=\"widget\" data-widget_type=\"heading.default\">\n\t\t\t\t<div class=\"elementor-widget-container\">\n\t\t\t\t\t<h2 class=\"elementor-heading-title elementor-size-default\">Agenda de diffusion<\/h2>\t\t\t\t<\/div>\n\t\t\t\t<\/div>\n\t\t\t\t<div class=\"elementor-element elementor-element-3978819 elementor-widget elementor-widget-heading\" data-id=\"3978819\" data-element_type=\"widget\" data-e-type=\"widget\" data-widget_type=\"heading.default\">\n\t\t\t\t<div class=\"elementor-widget-container\">\n\t\t\t\t\t<h2 class=\"elementor-heading-title elementor-size-default\">\u00e0 venir...<\/h2>\t\t\t\t<\/div>\n\t\t\t\t<\/div>\n\t\t\t\t<div class=\"elementor-element elementor-element-8941490 elementor-widget__width-initial elementor-invisible elementor-widget elementor-widget-text-editor\" data-id=\"8941490\" data-element_type=\"widget\" data-e-type=\"widget\" data-settings=\"{&quot;_animation&quot;:&quot;fadeIn&quot;}\" data-widget_type=\"text-editor.default\">\n\t\t\t\t<div class=\"elementor-widget-container\">\n\t\t\t\t\t\t\t\t\t<p>\u2022 <strong>1er ao\u00fbt 2024\u00a0 : NA\u00c4ID Concert seul &#8211; La Corne des P\u00e2tures, Baule (45) &#8211; 21h30<br \/><\/strong><\/p>\n<p>\u2022 <strong>6 septembre 2024 : <\/strong><strong> NA\u00cfAD Concert seul &#8211; La Guinguette de L&rsquo;Ecluse<\/strong><strong>, Combleux (45)<br \/><\/strong><\/p>\n<p><strong>\u2022 13 Mars 2024 :<\/strong><strong>\u00a0 Vernissage exposition Ma2line + Showcase NA\u00cfAD acoustique<\/strong><strong>, St Jean de la Ruelle<\/strong><strong> (45)<\/strong><\/p>\n<p><strong>\u2022 4 Avril 2024 :<\/strong><strong>\u00a0 Vernissage exposition Ma2line + Showcase NA\u00cfAD acoustique<\/strong><strong>, Biblioth\u00e8que la Fert\u00e9 St Aubin<\/strong><strong> <br \/><\/strong><\/p>\n<p><strong>\u2022 28 Mars 2024 :<\/strong><strong>\u00a0 NA\u00cfAD Concert Pictural-<\/strong><strong>Saison Culturelle<\/strong><strong> L&rsquo;UNISSON, St Jean de la Ruelle<\/strong><strong> (45)-14h: scolaire<\/strong><\/p>\n<p><strong>\u2022 28 Mars 2024 :<\/strong><strong>\u00a0 NA\u00cfAD Concert Pictural-<\/strong><strong>Saison Culturelle<\/strong><strong> L&rsquo;UNISSON, St Jean de la Ruelle<\/strong><strong> (45) &#8211; 20h<\/strong><\/p>\n<p><strong>\u2022 25 Avril 2024 :<\/strong><strong>\u00a0 NA\u00cfAD Concert Pictural&#8211; Espace Madeleine Sologne, La Ferte St Aubin<\/strong><strong> (45) &#8211; 20h<\/strong><\/p>\n<p><strong>\u00a0<\/strong><\/p>\n<p><strong>\u00a0<\/strong><\/p>\n<p><strong>\u00a0<i>PLUS ENCORE&#8230;<br \/><\/i><\/strong><\/p>\n<p><strong>\u00a0<\/strong><\/p>\n<p><strong>\u2022<\/strong> 13 au 28 Mars 2024 :\u00a0\u00a0<\/p>\n<p>\u00a0 Exposition MA2LINE\u00a0 autour de NA\u00cfAD Concert Pictural-Biblioth\u00e8que le Chat Perch\u00e9, St Jean de la Ruelle (45)<\/p>\n<p>\u2022 1er au 25 Avril 2024 :\u00a0\u00a0<\/p>\n<p>\u00a0 Exposition MA2LINE\u00a0 autour de NA\u00cfAD Concert Pictural-Biblioth\u00e8que de La Fert\u00e9 St Aubin (45)<\/p>\n<p>\u00a0<\/p>\n<p>\u2022 Octobre 2024 \u00e0 Mars 2025 :\u00a0\u00a0<\/p>\n<p>\u00a0 Ateliers Linogravure, Cr\u00e9ation Musicale, R\u00e9cr\u00e9\u00a0 Musique, Ateliers chant, M.A.O\u00a0<\/p>\n<p>\u00a0 pour les publics de St Jean de la Ruelle (45)<\/p>\n<p>\u00a0<\/p>\n<p>\u2022 Janvier \u00e0 Avril 2025 :\u00a0\u00a0<\/p>\n<p>\u00a0 Ateliers Cr\u00e9ation Pluridisciplinaire avec les jeunes<\/p>\n<p>\u00a0 en collaboration avec la Maison des Jeunes et la Biblioth\u00e8que de la Fert\u00e9 St Aubin\u00a0 (45)<\/p>\n<p><strong>\u00a0<\/strong><\/p>\t\t\t\t\t\t\t\t<\/div>\n\t\t\t\t<\/div>\n\t\t\t\t<div class=\"elementor-element elementor-element-6a17561 elementor-widget elementor-widget-heading\" data-id=\"6a17561\" data-element_type=\"widget\" data-e-type=\"widget\" data-widget_type=\"heading.default\">\n\t\t\t\t<div class=\"elementor-widget-container\">\n\t\t\t\t\t<h2 class=\"elementor-heading-title elementor-size-default\">pass\u00e9...<\/h2>\t\t\t\t<\/div>\n\t\t\t\t<\/div>\n\t\t\t\t<div class=\"elementor-element elementor-element-732a3ac elementor-invisible elementor-widget elementor-widget-text-editor\" data-id=\"732a3ac\" data-element_type=\"widget\" data-e-type=\"widget\" data-settings=\"{&quot;_animation&quot;:&quot;fadeIn&quot;}\" data-widget_type=\"text-editor.default\">\n\t\t\t\t<div class=\"elementor-widget-container\">\n\t\t\t\t\t\t\t\t\t<p>\u2022 <strong>14 Mai 2023&nbsp; : <\/strong><strong>Show case festival \u00ab\u00a0Tu connais la nouvelle\u00a0\u00bb<\/strong><\/p>\n<p>\u2022 <strong>16 Mai 2023&nbsp; : <\/strong><strong> NA\u00cfAD Concert Pictural <\/strong><strong>Saison Culturelle La Passerelle, Fleury les Aubrais (45)<br><\/strong><\/p>\n<p><strong>\u2022 20 Octobre 2023 :<\/strong><strong>&nbsp; NA\u00cfAD Concert Pictural &#8211; <\/strong><strong>Saison Culturelle<\/strong><strong> Maison de B\u00e9gon, Blois<\/strong><strong> (41)<\/strong><\/p>\n<p>\u2022 <strong>21 Octobre 2023 :&nbsp; <\/strong><strong>! NA\u00cfAD musique seule!&nbsp; Festival \u00e0 toutes vapeur, Alliage Olivet (45)<\/strong><\/p>\n<p>\u2022 <strong>14 Octobre 2023&nbsp; : <\/strong>Showcase livre-album NA\u00cfAD &#8211; Espace Culturel Leclerc Olivet &#8211; 15h<\/p>\n<p><strong>\u2022 20 Octobre 2023 :<\/strong> NA\u00cfAD Concert Pictural &#8211; Saison Culturelle Maison de B\u00e9gon, Blois (41) &#8211; 20h <strong><br><\/strong><\/p>\n<p>\u2022 <strong>21 Octobre 2023 :&nbsp; <\/strong>! NA\u00cfAD musique seule!&nbsp; Festival \u00e0 toutes vapeur, Alliage Olivet (45) &#8211; 19h<\/p>\n<div>\n<p>\u2022 <strong>14 Octobre 2023&nbsp; : <\/strong>Showcase livre-album NA\u00cfAD &#8211; Espace Culturel Leclerc Olivet &#8211; 15h<\/p>\n<\/div>\t\t\t\t\t\t\t\t<\/div>\n\t\t\t\t<\/div>\n\t\t\t\t\t<\/div>\n\t\t<\/div>\n\t\t\t\t\t<\/div>\n\t\t<\/section>\n\t\t\t\t<section class=\"elementor-section elementor-top-section elementor-element elementor-element-611b7c2 elementor-section-stretched elementor-section-boxed elementor-section-height-default elementor-section-height-default\" data-id=\"611b7c2\" data-element_type=\"section\" data-e-type=\"section\" data-settings=\"{&quot;stretch_section&quot;:&quot;section-stretched&quot;}\">\n\t\t\t\t\t\t<div class=\"elementor-container elementor-column-gap-default\">\n\t\t\t\t\t<div class=\"elementor-column elementor-col-100 elementor-top-column elementor-element elementor-element-906ba3a\" data-id=\"906ba3a\" data-element_type=\"column\" data-e-type=\"column\">\n\t\t\t<div class=\"elementor-widget-wrap elementor-element-populated\">\n\t\t\t\t\t\t<div class=\"elementor-element elementor-element-e1fe836 elementor-widget elementor-widget-heading\" data-id=\"e1fe836\" data-element_type=\"widget\" data-e-type=\"widget\" data-widget_type=\"heading.default\">\n\t\t\t\t<div class=\"elementor-widget-container\">\n\t\t\t\t\t<h2 class=\"elementor-heading-title elementor-size-default\">Agenda de cr\u00e9ation<\/h2>\t\t\t\t<\/div>\n\t\t\t\t<\/div>\n\t\t\t\t<div class=\"elementor-element elementor-element-5d43a5b elementor-invisible elementor-widget elementor-widget-text-editor\" data-id=\"5d43a5b\" data-element_type=\"widget\" data-e-type=\"widget\" data-settings=\"{&quot;_animation&quot;:&quot;fadeIn&quot;}\" data-widget_type=\"text-editor.default\">\n\t\t\t\t<div class=\"elementor-widget-container\">\n\t\t\t\t\t\t\t\t\t<p><\/p>\n<p><\/p>\n<p>\u00a0<\/p>\n<p><\/p>\n<p>\u2022\u00a0<strong>Du 14 au 18 f\u00e9vrier\u00a0 2022 : <\/strong><strong><strong>Argonaute (Orl\u00e9ans, 45)\u00a0<\/strong> <\/strong><\/p>\n<p>R\u00e9sidence musique quartet et sound design<\/p>\n<p><\/p>\n<p><\/p>\n<p>\u2022\u00a0<strong>Du 28 f\u00e9vrier au 4 mars 2022 : <\/strong><strong><strong>Alliage (Olivet, 45)<\/strong><\/strong><\/p>\n<p>R\u00e9sidence son et intervention p\u00e9dagogique conservatoire d&rsquo;Olivet<\/p>\n<p><\/p>\n<p>\u2022\u00a0<strong>Du 14 mars au 18 mars 2022 : <\/strong><strong><strong><strong>Maison de B\u00e9gon (Blois, 41)<\/strong><\/strong><br \/><\/strong><\/p>\n<p>R\u00e9sidence mise en sc\u00e8ne, lumi\u00e8res<\/p>\n<p>\u2022\u00a0<strong>Du 24 au 27 Avril : <\/strong><strong>Th\u00e9\u00e2tre G\u00e9rard Philippe (Orl\u00e9ans, 45)<\/strong><\/p>\n<p>R\u00e9sidence mise en sc\u00e8ne, lumi\u00e8res<\/p>\n<p><\/p>\n<p>\u2022\u00a0<strong>6 Mai 2022 : &lsquo;Festival Moza\u00efque&rsquo;, Th\u00e9\u00e2tre G\u00e9rard Philippe (Orl\u00e9ans, 45)<\/strong><\/p>\n<p><\/p>\n<p>Sortie de R\u00e9sidence : Concert seul<\/p>\n<p><\/p>\n<p>\u2022 <strong>Octobre 2022 : Conservatoire de Saran (45)<br \/><\/strong><\/p>\n<p><\/p>\n<p>\u00a0Interventions p\u00e9dagogiques UCEM 45<\/p>\n<p><\/p>\n<p>\u2022 <strong>F\u00e9vrier 2023 :\u00a0<\/strong>enregistrement 1er album &lsquo;NA\u00cfAD&rsquo; au studio &lsquo;Black Box&rsquo; (49)<\/p>\n<p>\u2022 <strong>Du 10 au 14 Avril 2023 :\u00a0<\/strong><strong> Tours (37)<br \/><\/strong><\/p>\n<p>R\u00e9sidence sc\u00e9nographie, lumi\u00e8res<\/p>\n<p>\u2022 <strong>Du 2 au 7 Mai 2023 : <\/strong><strong>Centre Culturel de St Jean de Braye (45)<\/strong><\/p>\n<p>R\u00e9sidence mise en sc\u00e8ne + actions culturelles et p\u00e9dagogiques\u00a0 + captation vid\u00e9o<\/p>\n<p>\u2022 <strong>9 Mai 2023 : <\/strong><strong>Centre Culturel de St Jean de Braye (45)<\/strong><\/p>\n<p>Repr\u00e9sentation r\u00e9serv\u00e9e aux professionnels du spectacle &#8211; 15h<\/p>\n<p>\u2022 <strong>14 Mai 2023\u00a0 : <\/strong><strong>Show case festival \u00ab\u00a0Tu connais la nouvelle\u00a0\u00bb<\/strong><\/p>\n<p><\/p>\n<p>\u2022 <strong>16 Mai 2023\u00a0 : <\/strong><strong> NA\u00cfAD Concert Pictural <\/strong><strong>Saison Culturelle La Passerelle, Fleury les Aubrais (45)<br \/><\/strong><\/p>\n<p><strong>\u2022 20 Octobre 2023 :<\/strong><strong>\u00a0 NA\u00cfAD Concert Pictural &#8211; <\/strong><strong>Saison Culturelle<\/strong><strong> Maison de B\u00e9gon, Blois<\/strong><strong> (41)<\/strong><\/p>\n<p>\u2022 <strong>21 Octobre 2023 :\u00a0 <\/strong><strong>! NA\u00cfAD musique seule!\u00a0 Festival \u00e0 toutes vapeur, Alliage Olivet (45)<\/strong><\/p>\n<p><\/p>\n<p><\/p>\n<p>\u00a0<\/p>\t\t\t\t\t\t\t\t<\/div>\n\t\t\t\t<\/div>\n\t\t\t\t\t<\/div>\n\t\t<\/div>\n\t\t\t\t\t<\/div>\n\t\t<\/section>\n\t\t\t\t<\/div>\n\t\t","protected":false},"excerpt":{"rendered":"<p>Agenda de diffusion \u00e0 venir&#8230; \u2022 1er ao\u00fbt 2024\u00a0 : NA\u00c4ID Concert seul &#8211; La Corne des P\u00e2tures, Baule (45) &#8211; 21h30 \u2022 6 septembre 2024 : NA\u00cfAD Concert seul &#8211; La Guinguette de L&rsquo;Ecluse, Combleux (45) \u2022 13 Mars 2024 :\u00a0 Vernissage exposition Ma2line + Showcase NA\u00cfAD acoustique, St Jean de la Ruelle (45)&hellip; <a class=\"more-link\" href=\"https:\/\/naiadmusic.com\/?page_id=1316\">Poursuivre la lecture <span class=\"screen-reader-text\">Agenda<\/span><\/a><\/p>\n","protected":false},"author":1,"featured_media":0,"parent":0,"menu_order":0,"comment_status":"closed","ping_status":"closed","template":"","meta":{"om_disable_all_campaigns":false,"_monsterinsights_skip_tracking":false,"_monsterinsights_sitenote_active":false,"_monsterinsights_sitenote_note":"","_monsterinsights_sitenote_category":0,"footnotes":""},"class_list":["post-1316","page","type-page","status-publish","hentry","entry"],"aioseo_notices":[],"_links":{"self":[{"href":"https:\/\/naiadmusic.com\/index.php?rest_route=\/wp\/v2\/pages\/1316","targetHints":{"allow":["GET"]}}],"collection":[{"href":"https:\/\/naiadmusic.com\/index.php?rest_route=\/wp\/v2\/pages"}],"about":[{"href":"https:\/\/naiadmusic.com\/index.php?rest_route=\/wp\/v2\/types\/page"}],"author":[{"embeddable":true,"href":"https:\/\/naiadmusic.com\/index.php?rest_route=\/wp\/v2\/users\/1"}],"replies":[{"embeddable":true,"href":"https:\/\/naiadmusic.com\/index.php?rest_route=%2Fwp%2Fv2%2Fcomments&post=1316"}],"version-history":[{"count":83,"href":"https:\/\/naiadmusic.com\/index.php?rest_route=\/wp\/v2\/pages\/1316\/revisions"}],"predecessor-version":[{"id":1806,"href":"https:\/\/naiadmusic.com\/index.php?rest_route=\/wp\/v2\/pages\/1316\/revisions\/1806"}],"wp:attachment":[{"href":"https:\/\/naiadmusic.com\/index.php?rest_route=%2Fwp%2Fv2%2Fmedia&parent=1316"}],"curies":[{"name":"wp","href":"https:\/\/api.w.org\/{rel}","templated":true}]}}